{"id":114,"date":"2013-05-23T15:57:50","date_gmt":"2013-05-23T13:57:50","guid":{"rendered":"http:\/\/www.rohrblitz24-mv.de\/?page_id=114"},"modified":"2016-02-10T17:58:30","modified_gmt":"2016-02-10T15:58:30","slug":"rohrblitz24-unternehmen","status":"publish","type":"page","link":"https:\/\/www.rohrblitz24-mv.de\/index.php\/rohrblitz24-unternehmen\/","title":{"rendered":"Rohrblitz24 Unternehmen"},"content":{"rendered":"<section class=\"av_textblock_section \"  itemscope=\"itemscope\" itemtype=\"https:\/\/schema.org\/CreativeWork\" ><div class='avia_textblock  '   itemprop=\"text\" ><h1>Rohrblitz24 Unternehmensprofil<\/h1>\n<p>Die Firma <strong>Rohr<span style=\"color: #ff6600;\">Blitz24<\/span><\/strong> ist ein Inhaber gef\u00fchrtes, kundenorientiertes Unternehmen f\u00fcr Abfluss-, Kanal und Rohrreinigung welches im Jahre 2008 in Rostock gegr\u00fcndet wurde.<\/p>\n<p>Fachlich qualifizierte und zuverl\u00e4ssige Mitarbeiter zeichnen das <strong>Rohr<span style=\"color: #ff6600;\">Blitz24<\/span><\/strong>-Team aus und stehen Ihnen mit ihrem Know-how zu Seite. Zu diesem Know-how kommt der hohe und stets aktuelle technische Standard unseres Equipments. Dadurch sind wir immer bestens auf alle Situationen vorbereitet und k\u00f6nnen die Kosten f\u00fcr Sie so gering wie m\u00f6glich halten. Stetige Aus- und Weiterbildung der Mitarbeiter, sowie der Einsatz neuster Technik und Verfahren sind ein &#8222;MUSS&#8220; in dieser Branche.<\/p>\n<\/div><\/section>\n<div  class='avia-image-container  av-styling-    avia-builder-el-1  el_after_av_textblock  el_before_av_textblock  avia-align-center '  itemprop=\"image\" itemscope=\"itemscope\" itemtype=\"https:\/\/schema.org\/ImageObject\"  ><div class='avia-image-container-inner'><div class='avia-image-overlay-wrap'><img class='avia_image' src='https:\/\/www.rohrblitz24-mv.de\/wp-content\/uploads\/kanalreinigung-mecklenburg-vorpommern.jpg' alt='' title='kanalreinigung-mecklenburg-vorpommern' height=\"425\" width=\"800\"  itemprop=\"thumbnailUrl\"  \/><\/div><\/div><\/div>\n<section class=\"av_textblock_section \"  itemscope=\"itemscope\" itemtype=\"https:\/\/schema.org\/CreativeWork\" ><div class='avia_textblock  '   itemprop=\"text\" ><p>Rohrverstopfung und Abfl\u00fcsse reinigen sollte man generell dem Fachmann \u00fcberlassen \u2013 die unsachgem\u00e4\u00dfe Reinigung von Rohren und Abfluss kann schnell zu teuren Folgesch\u00e4den am Rohrsystem f\u00fchren. Hier liegt unser Aufgabenbereich: wir schaffen Ihr Abfluss-Problem mit Hochdrucksp\u00fclwagen, Motorspiralen und TV Kanaluntersuchung zur Ortung von Rohrsch\u00e4den schnell, sauber und effektiv aus der Welt. Auch Rohrausfr\u00e4sungen und Dichtheitspr\u00fcfungen geh\u00f6ren in unser Leistungsspektrum.<\/p>\n<p>Als Unternehmen in der Abfluss-, Kanal und Rohrreinigung z\u00e4hlen neben Privatkunden, Wohnungsbaugesellschaften, Hausverwaltungen, \u00f6ffentliche Auftraggeber, st\u00e4dtische Institutionen und industrielle Betriebe zu unseren Kunden.<\/p>\n<p>Verstopfte Waschbecken? Gurgelnde Abfl\u00fcsse? An das Entw\u00e4sserungssystem eines Hauses denkt man eigentlich kaum. Schlie\u00dflich ist es fast unsichtbar undfunktioniert in der Regel jahrelang problemlos. Pl\u00f6tzlich aber kann \u00fcbel riechende Fl\u00fcssigkeit aus dem Ablauf quellen, das Wasser im WC auf der Terasse oder in der Sp\u00fcle nicht mehr ablaufen.<\/p>\n<p>Grund: \u00dcber Monate und Jahre hinweg setzen sich auchbei den Abflussrohren im Haushalt Ablagerungen an den Rohrinnenw\u00e4nden fest &#8211; das Rohr w\u00e4chst langsam zu, der Durchfluss wird geringer, die Rohrinnenw\u00e4nde werden Rau, Gegenst\u00e4nde setzen sich fest.<\/p>\n<p>Eine Rohrverstopfung ist dan nur noch eine Frage der Zeit. Besonders gef\u00e4hrdet ist der K\u00fcchenbereich.<\/p>\n<p>Herk\u00f6mmliche Werkzeuge und Handwerker helfen dann nicht mehr. Zun\u00e4chst muss die Leitung erst einmal zum Ablaufen gebracht werden, damit man die Ursachen der Verstopfung mittels einer TV-Kontrolle erforschen kann.<\/p>\n<p>Ob inkrustierte Leitungen, eingefallene Scherben, Wurzeleinwuchs oder Fremdk\u00f6rper, erst jetzt kann man mit gezielten Ma\u00dfnahmen reagieren. Leitungen immer wieder nur zum ablaufen zu bringen und nicht nach der Ursache zu forschen, schadet ihren Rohren und Ihrem Geldbeutel.<\/p>\n<p>Wenn wir ein chronisches Problem entdecken, nutzen wir es nicht aus um in regelm\u00e4\u00dfigen Abst\u00e4nden wieder zu kommen, sondern besprechen mit Ihnen die M\u00f6glichkeiten das Problem nachhaltig zu l\u00f6sen.<\/p>\n<p>Deshalb ist es immer besser eine Rohrreinigungsfirma als einen Klempner zu beauftragen, denn die haben meist nicht die richtige Ausr\u00fcstung.<\/p>\n<p><strong><span style=\"color: #000000;\">Rohr<\/span><span style=\"color: #e67817;\">Blitz24<\/span><\/strong> betreut Sie professionell, flexibel und mit fairen und transparenten Preisen, so dass zum Schaden nicht auch noch unliebsame \u00dcberraschungen bei der Abrechnung kommen<\/p>\n<\/div><\/section>\n","protected":false},"excerpt":{"rendered":"","protected":false},"author":4,"featured_media":0,"parent":0,"menu_order":0,"comment_status":"closed","ping_status":"closed","template":"","meta":[],"_links":{"self":[{"href":"https:\/\/www.rohrblitz24-mv.de\/index.php\/wp-json\/wp\/v2\/pages\/114"}],"collection":[{"href":"https:\/\/www.rohrblitz24-mv.de\/index.php\/wp-json\/wp\/v2\/pages"}],"about":[{"href":"https:\/\/www.rohrblitz24-mv.de\/index.php\/wp-json\/wp\/v2\/types\/page"}],"author":[{"embeddable":true,"href":"https:\/\/www.rohrblitz24-mv.de\/index.php\/wp-json\/wp\/v2\/users\/4"}],"replies":[{"embeddable":true,"href":"https:\/\/www.rohrblitz24-mv.de\/index.php\/wp-json\/wp\/v2\/comments?post=114"}],"version-history":[{"count":5,"href":"https:\/\/www.rohrblitz24-mv.de\/index.php\/wp-json\/wp\/v2\/pages\/114\/revisions"}],"predecessor-version":[{"id":246,"href":"https:\/\/www.rohrblitz24-mv.de\/index.php\/wp-json\/wp\/v2\/pages\/114\/revisions\/246"}],"wp:attachment":[{"href":"https:\/\/www.rohrblitz24-mv.de\/index.php\/wp-json\/wp\/v2\/media?parent=114"}],"curies":[{"name":"wp","href":"https:\/\/api.w.org\/{rel}","templated":true}]}}