{"id":58,"date":"2013-05-22T12:27:11","date_gmt":"2013-05-22T10:27:11","guid":{"rendered":"http:\/\/new.rohrblitz24-mv.de\/?page_id=58"},"modified":"2020-07-09T11:23:53","modified_gmt":"2020-07-09T09:23:53","slug":"dichtheitsprufung","status":"publish","type":"page","link":"https:\/\/www.rohrblitz24-mv.de\/index.php\/dichtheitsprufung\/","title":{"rendered":"Dichtheitspr\u00fcfung"},"content":{"rendered":"<h1>Dichtheitspr\u00fcfung<\/h1>\n<p><a href=\"http:\/\/www.youtube.com\/watch?v=2tWPHrRsDTQ?width=640&amp;height=480\" rel=\"wp-video-lightbox\"><img loading=\"lazy\" class=\"alignleft size-medium wp-image-66\" src=\"http:\/\/new.rohrblitz24-mv.de\/wp-content\/uploads\/2013\/05\/dicht1-300x213.jpg\" alt=\"Dichtheitspr\u00fcfung\" width=\"300\" height=\"213\" srcset=\"https:\/\/www.rohrblitz24-mv.de\/wp-content\/uploads\/2013\/05\/dicht1-300x213.jpg 300w, https:\/\/www.rohrblitz24-mv.de\/wp-content\/uploads\/2013\/05\/dicht1.jpg 315w\" sizes=\"(max-width: 300px) 100vw, 300px\" \/><\/a><\/p>\n<p>Seit 2016 m\u00fcssen alle Grundst\u00fccks- und Immobilienbesitzer auf Anfrage umgehend nachweisen k\u00f6nnen, dass ihre Abwasserleitungen dicht sind.<br \/>\nDarum wurde in der Deutschen Industrienorm DIN 1986 Teil 30 festgelegt, dass f\u00fcr jedes Grundst\u00fcck der Nachweis einer Dichtheitspr\u00fcfung der Abwasser- Leitungen vorliegen muss.<\/p>\n<p>In dem neuen Wasserhaushaltsgesetz vom 31.07.2009 sind f\u00fcr alle Grundst\u00fcckseigent\u00fcmer entscheidende Neuerungen. In \u00a760 und \u00a761WHG wird das Prinzip der Eigenkontrolle von Abwasseranlagen auf privaten Grundst\u00fccken festgeschrieben, somit hat jeder Betreiber einer Abwasseranlage also auch Hauseigent\u00fcmer Ihre Abwasseranlage nach den &#8222;anerkannten Regeln der Technik&#8220; zu betreiben und sind verpflichtet den Zustand und die Funktionsf\u00e4higkeit selbst zu \u00fcberpr\u00fcfen und den zust\u00e4ndigen Beh\u00f6rden nachzuweisen.<\/p>\n<p><a href=\"http:\/\/www.abwasserleitung-pruefen.de\/Dichtigkeitspruefung-Mecklenbu.336.0.html\" target=\"_blank\" rel=\"noopener noreferrer\">Hier finden Sie Informationen zu den Bestimmungen zur Dichtheitspr\u00fcfung in Mecklenburg-Vorpommern<\/a><\/p>\n<p><img loading=\"lazy\" class=\"alignleft size-full wp-image-59\" src=\"http:\/\/new.rohrblitz24-mv.de\/wp-content\/uploads\/2013\/05\/rohrblitz005.jpg\" alt=\"rohrblitz005\" width=\"250\" height=\"172\" \/>Die &#8222;anerkannten Regeln der Technik&#8220; werden in der DIN 1986-30 definiert und dienen als Grundlage zur Untersuchung. Sie schreibt die gr\u00fcndliche Reinigung mit Hochdruck-Sp\u00fcld\u00fcsen und eine optische Untersuchung mit einer Rohrkamera vor, gegebenenfalls ist noch eine Dichtheitspr\u00fcfung mit Luft oder Wasser zB. bei sichtbaren Sch\u00e4den oder gewerblichen Abwasser vorgeschrieben.<\/p>\n<p>Bei Schadenfreiheit ist die Pr\u00fcfung damit bestanden. Bei eventuell gesichteten Sch\u00e4den m\u00fcssen diese Repariert, im schlimmsten Fall muss das Leitungssystem Saniert oder Erneuert werden. Die Dokumentationen und das Ergebnis der Pr\u00fcfung m\u00fcssen den zust\u00e4ndigen Beh\u00f6rden nach Verlangen als digitales Video sowie digitalen Fotos und Pr\u00fcfprotokoll vorgelegt werden. Eine solche Dichtheitspr\u00fcfung hat in der Regel 20 Jahre G\u00fcltigkeit, nach Reparaturarbeiten, gr\u00f6\u00dferen Umbauarbeiten oder Neubau der Abwasseranlage ist eine erneute Pr\u00fcfung durchzuf\u00fchren. Die Pflichten nach dem WHG richten sich unmittelbar an den Anlagenbetreiber also Hauseigent\u00fcmer.<\/p>\n<p><strong>Wie wird die Dichtheitspr\u00fcfung durchgef\u00fchrt?<\/strong><\/p>\n<p>Die Vorbereitungen zur Dichtheitspr\u00fcfung bestehen im Wesentlichen aus der Rohr und Kanalreinigung sowie der optischen Kanalinspektion mittels Kanalinspektionskamera, wie auch gesetzlich vorgeschrieben. Erst danach kann eine Aussage \u00fcber den optischen Zustand von Rohren und Abwasserkan\u00e4len getroffen werden.<\/p>\n<p>Wurden bei der optischen Kanalinspektion keine Sch\u00e4den festgestellt, gilt diese Leitung als dicht.<\/p>\n<p><strong>Was ist notwendig um eine Dichtheitspr\u00fcfung durchzuf\u00fchren:<\/strong><\/p>\n<p>1. Kontrollschacht auf dem Grundst\u00fcck<br \/>\n2. Lageplan<br \/>\nIn einem Lageplan sind alle wichtigen Informationen des Entw\u00e4sserungssystemes darzustellen. Hierzu geh\u00f6ren: \u2022 Verlauf der Leitungen mit Angabe der Rohrdurchmesser \u2022 das Rohrmaterial und die L\u00e4ngen \u2022 Lage der Sch\u00e4chte mit Durchmesser und Tiefe \u2022 Bema\u00dfung der Knickpunkte, Sch\u00e4chte, etc. bezogen auf das Geb\u00e4ude<\/p>\n<p><strong>Wann sind Abwasserleitungen als dicht einzustufen?<\/strong><\/p>\n<p>Abwasserleitungen sind als dicht einzustufen, wenn bei einer Pr\u00fcfung mit einer Inspektionskamera<br \/>\n\u2022 Keine sichtbaren Sch\u00e4den festgestellt werden<br \/>\n\u2022 Kein Grundwasser eindringt<br \/>\n\u2022 Alle Leitungen l\u00fcckenlos befahren,<br \/>\n\u2022 Alle Sch\u00e4chte ge\u00f6ffnet werden k\u00f6nnen<\/p>\n<p>Zu nennen ist aber auch, dass bekannt ist, dass optisch intakte Leitungen zu einem erheblichen Prozentsatz eine Druckpr\u00fcfung dennoch nicht bestehen. Sollten Anhaltspunkte bestehen, dass der optische Eindruck t\u00e4uscht (z. B. das Alter der Leitungen oder bekannte systembedingte Materialm\u00e4ngel, wie der Einbau von Teerstrickdichtungen in Tonleitungen bestimmten Alters), ist es angemessen, eine optische Untersuchung anzuzweifeln.<\/p>\n<p>Eine Wasserdichtheitspr\u00fcfung ist auch dann durchzuf\u00fchren, wenn Teile des Grundleitungsnetzes nicht mit einer Kamera erreichbar sind. Folglich steht fest, dass f\u00fcr die Durchf\u00fchrung optischer Untersuchungen ausschlie\u00dflich abbiegef\u00e4hige Kamerasysteme eingesetzt werden k\u00f6nnen. Herk\u00f6mmliche Schiebekameras f\u00fchren fast immer zu L\u00fccken in den Pr\u00fcfergebnissen. Solche L\u00fccken m\u00fcssten dann in einem zweiten Arbeitsgang durch eine zus\u00e4tzliche Dichtheitspr\u00fcfung geschlossen werden.<\/p>\n<p><strong>Kosten:<\/strong><\/p>\n<p>Die Kosten f\u00fcr Reinigung, TV-Inspektion, Dichtheitspr\u00fcfung und Sanierung h\u00e4ngen von der \u201eHardware\u201c des Hauses ab. Leitungsl\u00e4nge, Rohrdurchmesser, Verzweigungsgrad unter der Bodenplatte, Zugangsm\u00f6glichkeiten f\u00fcr Ger\u00e4te, Anzahl der Einsteigsch\u00e4chte und Inspektions\u00f6ffnungen und Reinigungsaufwand bestimmen den finanziellen Aufwand, der auch stark von den Gegebenheiten vor Ort beeinflusst wird.<\/p>\n<p>Daher ist eine Ortbesichtigung unerl\u00e4sslich, um die Kosten genauer absch\u00e4tzen zu k\u00f6nnen. Von Grundst\u00fcck zu Grundst\u00fcck sind gro\u00dfe Schwankungen m\u00f6glich. Geld l\u00e4sst sich besonders sparen durch ein koordiniertes Vorgehen mit den Nachbarn, wenn gemeinsame Preisanfragen an die Firmen gestellt werden<\/p>\n","protected":false},"excerpt":{"rendered":"<p>Dichtheitspr\u00fcfung Seit 2016 m\u00fcssen alle Grundst\u00fccks- und Immobilienbesitzer auf Anfrage umgehend nachweisen k\u00f6nnen, dass ihre Abwasserleitungen dicht sind. Darum wurde in der Deutschen Industrienorm DIN 1986 Teil 30 festgelegt, dass f\u00fcr jedes Grundst\u00fcck der Nachweis einer Dichtheitspr\u00fcfung der Abwasser- Leitungen vorliegen muss. In dem neuen Wasserhaushaltsgesetz vom 31.07.2009 sind f\u00fcr alle Grundst\u00fcckseigent\u00fcmer entscheidende Neuerungen. In [&hellip;]<\/p>\n","protected":false},"author":4,"featured_media":0,"parent":0,"menu_order":0,"comment_status":"closed","ping_status":"closed","template":"","meta":[],"_links":{"self":[{"href":"https:\/\/www.rohrblitz24-mv.de\/index.php\/wp-json\/wp\/v2\/pages\/58"}],"collection":[{"href":"https:\/\/www.rohrblitz24-mv.de\/index.php\/wp-json\/wp\/v2\/pages"}],"about":[{"href":"https:\/\/www.rohrblitz24-mv.de\/index.php\/wp-json\/wp\/v2\/types\/page"}],"author":[{"embeddable":true,"href":"https:\/\/www.rohrblitz24-mv.de\/index.php\/wp-json\/wp\/v2\/users\/4"}],"replies":[{"embeddable":true,"href":"https:\/\/www.rohrblitz24-mv.de\/index.php\/wp-json\/wp\/v2\/comments?post=58"}],"version-history":[{"count":12,"href":"https:\/\/www.rohrblitz24-mv.de\/index.php\/wp-json\/wp\/v2\/pages\/58\/revisions"}],"predecessor-version":[{"id":350,"href":"https:\/\/www.rohrblitz24-mv.de\/index.php\/wp-json\/wp\/v2\/pages\/58\/revisions\/350"}],"wp:attachment":[{"href":"https:\/\/www.rohrblitz24-mv.de\/index.php\/wp-json\/wp\/v2\/media?parent=58"}],"curies":[{"name":"wp","href":"https:\/\/api.w.org\/{rel}","templated":true}]}}