{"id":7,"date":"2013-05-21T12:42:29","date_gmt":"2013-05-21T10:42:29","guid":{"rendered":"http:\/\/new.rohrblitz24-mv.de\/?page_id=7"},"modified":"2020-07-09T11:31:57","modified_gmt":"2020-07-09T09:31:57","slug":"rohrblitz24-in-rostock","status":"publish","type":"page","link":"https:\/\/www.rohrblitz24-mv.de\/","title":{"rendered":"Rohrblitz24 in Rostock Startseite"},"content":{"rendered":"<div id='av_section_1'  class='avia-section main_color avia-section-default avia-no-shadow avia-bg-style-scroll  avia-builder-el-0  el_before_av_section  avia-builder-el-first   container_wrap sidebar_right' style='background-color: #f4f4f4;  '  ><div class='container' ><main  role=\"main\" itemprop=\"mainContentOfPage\"  class='template-page content  av-content-small alpha units'><div class='post-entry post-entry-type-page post-entry-7'><div class='entry-content-wrapper clearfix'>\n<div  style='padding-bottom:10px; ' class='av-special-heading av-special-heading-h1  blockquote modern-quote modern-centered  avia-builder-el-1  el_before_av_hr  avia-builder-el-first  '><h1 class='av-special-heading-tag '  itemprop=\"headline\"  >Rohrblitz24 &#8211; Ihr Profi f\u00fcr Abfluss-, Kanal und Rohrreinigung aus Mecklenburg-Vorpommern<\/h1><div class='special-heading-border'><div class='special-heading-inner-border' ><\/div><\/div><\/div>\n<div  style=' margin-top:30px; margin-bottom:30px;'  class='hr hr-custom hr-center hr-icon-no   avia-builder-el-2  el_after_av_heading  el_before_av_one_third '><span class='hr-inner   inner-border-av-border-fat' style=' width:100px; border-color:#dd8500;' ><span class='hr-inner-style'><\/span><\/span><\/div>\n<div class=\"flex_column av_one_third  flex_column_div first  avia-builder-el-3  el_after_av_hr  el_before_av_one_third  \" ><p><div  style='padding-bottom:10px; ' class='av-special-heading av-special-heading-h2  blockquote modern-quote  avia-builder-el-4  el_before_av_textblock  avia-builder-el-first  '><h2 class='av-special-heading-tag '  itemprop=\"headline\"  >Unsere Notdienst Hotlines<\/h2><div class='special-heading-border'><div class='special-heading-inner-border' ><\/div><\/div><\/div><br \/>\n<section class=\"av_textblock_section \"  itemscope=\"itemscope\" itemtype=\"https:\/\/schema.org\/CreativeWork\" ><div class='avia_textblock  '   itemprop=\"text\" ><p><a href=\"tel:+493811276060\">Rostock: 0381 &#8211; 127 60 60<\/a><br \/>\n<a href=\"tel:+493821609098\">Ribnitz-Damgarten: 03821- 60 90 98<\/a><br \/>\n<a href=\"tel:+4938461790324\">B\u00fctzow: 038461 &#8211; 79 03 24<\/a><br \/>\n<a href=\"tel:+493843409041\">G\u00fcstrow: 03843 &#8211; 40 90 41<\/a><br \/>\n<a href=\"tel:+493820569041\">Tessin: 038205 &#8211; 69 0 41<\/a><br \/>\n<a href=\"tel:+4938320484006\">Tribsees: 038320 &#8211; 48 40 06<\/a><br \/>\n<a href=\"tel:+4938203760768\">Bad Doberan: 038203 &#8211; 76 07 68<\/a><br \/>\n<a href=\"tel:+493829439058\">Neubukow: 038294 &#8211; 39 0 58<\/a><br \/>\n<a href=\"tel:+4938293490182\">K\u00fchlungsborn: 038293 &#8211; 49 01 82<\/a><br \/>\n<a href=\"tel:+49384492905\">Schwaan: 03844 &#8211; 92 9 05<\/a><\/p>\n<\/div><\/section><\/p><\/div><div class=\"flex_column av_one_third  flex_column_div   avia-builder-el-6  el_after_av_one_third  el_before_av_one_third  \" ><p><div  style='padding-bottom:10px; ' class='av-special-heading av-special-heading-h2  blockquote modern-quote  avia-builder-el-7  el_before_av_image  avia-builder-el-first  '><h2 class='av-special-heading-tag '  itemprop=\"headline\"  >Dichtheitspr\u00fcfung<\/h2><div class='special-heading-border'><div class='special-heading-inner-border' ><\/div><\/div><\/div><br \/>\n<div  class='avia-image-container avia_animated_image avia_animate_when_almost_visible right-to-left av-styling-    avia-builder-el-8  el_after_av_heading  el_before_av_textblock  avia-align-center '  itemprop=\"image\" itemscope=\"itemscope\" itemtype=\"https:\/\/schema.org\/ImageObject\"  ><div class='avia-image-container-inner'><div class='avia-image-overlay-wrap'><img class='avia_image' src='https:\/\/www.rohrblitz24-mv.de\/wp-content\/uploads\/dicht.jpg' alt='' title='dicht' height=\"400\" width=\"600\"  itemprop=\"thumbnailUrl\"  \/><\/div><\/div><\/div><br \/>\n<section class=\"av_textblock_section \"  itemscope=\"itemscope\" itemtype=\"https:\/\/schema.org\/CreativeWork\" ><div class='avia_textblock  '   itemprop=\"text\" ><p>Alle Grundst\u00fccks- und Immobilienbesitzer m\u00fcssen auf Anfrage umgehend nachweisen k\u00f6nnen, dass ihre Abwasserleitungen dicht sind.<\/p>\n<\/div><\/section><br \/>\n<div  class='avia-button-wrap avia-button-left  avia-builder-el-10  el_after_av_textblock  avia-builder-el-last ' ><a href='http:\/\/www.rohrblitz24-mv.de\/index.php\/dichtheitsprufung\/'  class='avia-button   avia-icon_select-yes-left-icon avia-color-theme-color avia-size-medium avia-position-left '   ><span class='avia_button_icon avia_button_icon_left ' aria-hidden='true' data-av_icon='\ue81e' data-av_iconfont='entypo-fontello'><\/span><span class='avia_iconbox_title' >weiterlesen<\/span><\/a><\/div><\/p><\/div><div class=\"flex_column av_one_third  flex_column_div   avia-builder-el-11  el_after_av_one_third  avia-builder-el-last  \" ><p><div  style='padding-bottom:10px; ' class='av-special-heading av-special-heading-h2  blockquote modern-quote  avia-builder-el-12  el_before_av_image  avia-builder-el-first  '><h2 class='av-special-heading-tag '  itemprop=\"headline\"  >Rohrinspektionen \/ Rohr-TV<\/h2><div class='special-heading-border'><div class='special-heading-inner-border' ><\/div><\/div><\/div><br \/>\n<div  class='avia-image-container avia_animated_image avia_animate_when_almost_visible left-to-right av-styling-    avia-builder-el-13  el_after_av_heading  el_before_av_textblock  avia-align-center '  itemprop=\"image\" itemscope=\"itemscope\" itemtype=\"https:\/\/schema.org\/ImageObject\"  ><div class='avia-image-container-inner'><div class='avia-image-overlay-wrap'><img class='avia_image' src='https:\/\/www.rohrblitz24-mv.de\/wp-content\/uploads\/Bild.png' alt='' title='Bild' height=\"310\" width=\"490\"  itemprop=\"thumbnailUrl\"  \/><\/div><\/div><\/div><br \/>\n<section class=\"av_textblock_section \"  itemscope=\"itemscope\" itemtype=\"https:\/\/schema.org\/CreativeWork\" ><div class='avia_textblock  '   itemprop=\"text\" ><p>Eine Kamera-Inspektion kommt vor allem bei der Schadensfeststellung zum Einsatz. Hier wird die Schadstelle mittels einer beweglichen, speziell entwickelten TV-Kamera rasch und ohne lange Vorbereitungen lokalisiert.<\/p>\n<\/div><\/section><br \/>\n<div  class='avia-button-wrap avia-button-left  avia-builder-el-15  el_after_av_textblock  avia-builder-el-last ' ><a href='http:\/\/www.rohrblitz24-mv.de\/index.php\/rohrinspektionen-rohr-tv\/'  class='avia-button   avia-icon_select-yes-left-icon avia-color-theme-color avia-size-medium avia-position-left '   ><span class='avia_button_icon avia_button_icon_left ' aria-hidden='true' data-av_icon='\ue81f' data-av_iconfont='entypo-fontello'><\/span><span class='avia_iconbox_title' >mehr erfahren<\/span><\/a><\/div><\/p><\/div><\/div><\/div><\/main><!-- close content main element --><\/div><\/div><div id='av_section_2'  class='avia-section main_color avia-section-default avia-no-shadow av-parallax-section avia-bg-style-parallax  avia-builder-el-16  el_after_av_section  el_before_av_section   av-minimum-height av-minimum-height-25  container_wrap sidebar_right' style=' '  data-section-bg-repeat='no-repeat' data-av_minimum_height_pc='25'><div class='av-parallax' data-avia-parallax-ratio='0.3' ><div class='av-parallax-inner main_color  avia-full-stretch' style = 'background-repeat: no-repeat; background-image: url(https:\/\/www.rohrblitz24-mv.de\/wp-content\/uploads\/homebild.jpg);background-attachment: scroll; background-position: top center; ' ><\/div><\/div><div class='container' ><div class='template-page content  av-content-small alpha units'><div class='post-entry post-entry-type-page post-entry-7'><div class='entry-content-wrapper clearfix'><\/p>\n<\/div><\/div><\/div><!-- close content main div --><\/div><\/div><div id='av_section_3'  class='avia-section main_color avia-section-default avia-no-shadow avia-bg-style-scroll  avia-builder-el-17  el_after_av_section  el_before_av_one_half   container_wrap sidebar_right' style='background-color: #eaeaea;  '  ><div class='container' ><div class='template-page content  av-content-small alpha units'><div class='post-entry post-entry-type-page post-entry-7'><div class='entry-content-wrapper clearfix'>\n<div class=\"flex_column av_three_fourth  flex_column_div first  avia-builder-el-18  el_before_av_one_fourth  avia-builder-el-first  \" ><section class=\"av_textblock_section \"  itemscope=\"itemscope\" itemtype=\"https:\/\/schema.org\/CreativeWork\" ><div class='avia_textblock  '   itemprop=\"text\" ><p style=\"text-align: center;\">Die Firma <strong>RohrBlitz24<\/strong> ist ein Inhaber gef\u00fchrtes, kundenorientiertes Unternehmen f\u00fcr Abfluss-, Kanal und Rohrreinigung welches im Jahre 2008 in Rostock gegr\u00fcndet wurde. Fachlich qualifizierte und zuverl\u00e4ssige Mitarbeiter zeichnen das <strong>RohrBlitz24<\/strong>-Team aus und stehen Ihnen mit ihrem Know-how zu Seite. Zu diesem Know-how kommt der hohe und stets aktuelle technische Standard unseres Equipments. Dadurch sind wir immer bestens auf alle Situationen vorbereitet und k\u00f6nnen die Kosten f\u00fcr Sie so gering wie m\u00f6glich halten. Stetige Aus- und Weiterbildung der Mitarbeiter, sowie der Einsatz neuster Technik und Verfahren sind ein \u201cMUSS\u201d in dieser Branche. <strong>RohrBlitz24<\/strong> betreut Sie professionell, flexibel und mit fairen und transparenten Preisen, so dass zum Schaden nicht auch noch unliebsame \u00dcberraschungen bei der Abrechnung kommen.<\/p>\n<\/div><\/section><\/div><div class=\"flex_column av_one_fourth  flex_column_div   avia-builder-el-20  el_after_av_three_fourth  el_before_av_button  \" ><section class=\"av_textblock_section \"  itemscope=\"itemscope\" itemtype=\"https:\/\/schema.org\/CreativeWork\" ><div class='avia_textblock  '   itemprop=\"text\" ><blockquote>\n<p style=\"text-align: left;\">Der Kunde hat ein Recht auf Qualit\u00e4t. Qualit\u00e4t ist, wenn der Kunde zur\u00fcckkehrt &#8211; nicht das Produkt. Mehr als jedes andere Gesch\u00e4ft, ist die Dienstleistung ein Gesch\u00e4ft des Vertrauen!<\/p>\n<\/blockquote>\n<\/div><\/section><\/div><div  class='avia-button-wrap avia-button-center  avia-builder-el-22  el_after_av_one_fourth  avia-builder-el-last ' ><a href='http:\/\/www.rohrblitz24-mv.de\/index.php\/rohrblitz24-unternehmen\/'  class='avia-button   avia-icon_select-yes-left-icon avia-color-theme-color avia-size-medium avia-position-center '   ><span class='avia_button_icon avia_button_icon_left ' aria-hidden='true' data-av_icon='\ue832' data-av_iconfont='entypo-fontello'><\/span><span class='avia_iconbox_title' >Mehr erfahren<\/span><\/a><\/div>\n<\/div><\/div><\/div><!-- close content main div --><\/div><\/div><div id='after_section_3'  class='main_color av_default_container_wrap container_wrap sidebar_right' style=' '  ><div class='container' ><div class='template-page content  av-content-small alpha units'><div class='post-entry post-entry-type-page post-entry-7'><div class='entry-content-wrapper clearfix'>\n<div class=\"flex_column av_one_half  flex_column_div first  avia-builder-el-23  el_after_av_section  el_before_av_one_half  avia-builder-el-first  \" ><p><div  style='padding-bottom:10px; ' class='av-special-heading av-special-heading-h2  blockquote modern-quote  avia-builder-el-24  el_before_av_video  avia-builder-el-first  '><h2 class='av-special-heading-tag '  itemprop=\"headline\"  >Wenn es in der Leitung gluckst\u2026<\/h2><div class='special-heading-border'><div class='special-heading-inner-border' ><\/div><\/div><\/div><br \/>\n<div class=\"avia-video avia-video-16-9\" ><div class=\"BorlabsCookie\"><div class=\"_brlbs-content-blocker\"> <div class=\"_brlbs-embed _brlbs-video-youtube\"> <img class=\"_brlbs-thumbnail\" src=\"https:\/\/www.rohrblitz24-mv.de\/wp-content\/plugins\/borlabs-cookie\/images\/cb-no-thumbnail.png\" alt=\"YouTube\"> <div class=\"_brlbs-caption\"> <p>Mit dem Laden des Videos akzeptieren Sie die Datenschutzerkl\u00e4rung von YouTube.<br><a href=\"https:\/\/policies.google.com\/privacy\" target=\"_blank\" rel=\"nofollow noopener noreferrer\">Mehr erfahren<\/a><\/p> <p><a class=\"_brlbs-btn _brlbs-icon-play-white\" href=\"#\" data-borlabs-cookie-unblock role=\"button\">Video laden<\/a><\/p> <p><label><input type=\"checkbox\" name=\"unblockAll\" value=\"1\" checked> <small>YouTube immer entsperren<\/small><\/label><\/p> <\/div> <\/div> <\/div><div class=\"borlabs-hide\" data-borlabs-cookie-type=\"content-blocker\" data-borlabs-cookie-id=\"youtube\">PGRpdiBjbGFzcz0nYXZpYS1pZnJhbWUtd3JhcCc+PGlmcmFtZSB0aXRsZT0iUm9ocmJsaXR6MjQiIHdpZHRoPSIxNTAwIiBoZWlnaHQ9Ijg0NCIgc3JjPSJodHRwczovL3d3dy55b3V0dWJlLW5vY29va2llLmNvbS9lbWJlZC9WaWRSdnpCLUNLbz9mZWF0dXJlPW9lbWJlZCIgZnJhbWVib3JkZXI9IjAiIGFsbG93PSJhY2NlbGVyb21ldGVyOyBhdXRvcGxheTsgZW5jcnlwdGVkLW1lZGlhOyBneXJvc2NvcGU7IHBpY3R1cmUtaW4tcGljdHVyZSIgYWxsb3dmdWxsc2NyZWVuPjwvaWZyYW1lPjwvZGl2Pg==<\/div><\/div><\/div><br \/>\n<section class=\"av_textblock_section \"  itemscope=\"itemscope\" itemtype=\"https:\/\/schema.org\/CreativeWork\" ><div class='avia_textblock  '   itemprop=\"text\" ><p>Verstopfte Waschbecken? Gurgelnde Abfl\u00fcsse? Daf\u00fcr gibt es unseren Notfalldienst; aber muss es \u00fcberhaupt so weit kommen? An das Entw\u00e4sserungssystem eines Hauses denkt man eigentlich kaum \u2013 schlie\u00dflich ist es fast unsichtbar und funktioniert in der Regel jahrelang problemlos. <\/span><strong><span style=\"color: #000000;\">Rohr<\/span><span style=\"color: #e67817;\">Blitz24<\/span><\/strong> betreut Sie professionell, flexibel und mit fairen und transparenten Preisen, so dass zum Schaden nicht auch noch unliebsame \u00dcberraschungen bei der Abrechnung kommen.<\/p>\n<\/div><\/section><\/p><\/div>\n<div class=\"flex_column av_one_half  flex_column_div   avia-builder-el-27  el_after_av_one_half  el_before_av_button  \" ><p><div  style='padding-bottom:10px; ' class='av-special-heading av-special-heading-h2  blockquote modern-quote  avia-builder-el-28  el_before_av_image  avia-builder-el-first  '><h2 class='av-special-heading-tag '  itemprop=\"headline\"  >Service f\u00fcr Handel <span class='special_amp'>&amp;<\/span> Gewerbe<\/h2><div class='special-heading-border'><div class='special-heading-inner-border' ><\/div><\/div><\/div><br \/>\n<div  class='avia-image-container  av-styling-    avia-builder-el-29  el_after_av_heading  el_before_av_textblock  avia-align-center '  itemprop=\"image\" itemscope=\"itemscope\" itemtype=\"https:\/\/schema.org\/ImageObject\"  ><div class='avia-image-container-inner'><div class='avia-image-overlay-wrap'><img class='avia_image' src='https:\/\/www.rohrblitz24-mv.de\/wp-content\/uploads\/RohrFrei-010.jpg' alt='' title='RohrFrei 010' height=\"320\" width=\"570\"  itemprop=\"thumbnailUrl\"  \/><\/div><\/div><\/div><br \/>\n<section class=\"av_textblock_section \"  itemscope=\"itemscope\" itemtype=\"https:\/\/schema.org\/CreativeWork\" ><div class='avia_textblock  '   itemprop=\"text\" ><p>Verstopfte Abflussrohre im K\u00fcchen- oder Sanit\u00e4rbereich bedeuten sofortigen Umsatz- und Gewinnausfall. Trotzdem ist es gerade f\u00fcr Gewerbe-betriebe schwierig, sich davor zu sch\u00fctzen.<br \/>\nDenn Fettablagerungen im K\u00fcchenbereich lassen sich nicht vermeiden. Und sanit\u00e4re Anlagen werden von einer Vielzahl von Menschen benutzt. Das strapaziert die Rohre. Auch hier hilft der freundliche Handwerker vom <strong><span style=\"color: #000000;\">Rohr<\/span><span style=\"color: #e67817;\">Blitz24<\/span><\/strong><\/p>\n<\/div><\/section><\/p><\/div>\n<div  class='avia-button-wrap avia-button-center  avia-builder-el-31  el_after_av_one_half  avia-builder-el-last ' ><a href='http:\/\/www.abwasserleitung-pruefen.de\/Dichtigkeitspruefung-Mecklenbu.336.0.html'  class='avia-button   avia-icon_select-yes-left-icon avia-color-theme-color avia-size-medium avia-position-center '  target=\"_blank\"   ><span class='avia_button_icon avia_button_icon_left ' aria-hidden='true' data-av_icon='\ue81f' data-av_iconfont='entypo-fontello'><\/span><span class='avia_iconbox_title' >Hier finden Sie Informationen zu den Bestimmungen zur Dichtheitspr\u00fcfung in Mecklenburg-Vorpommern<\/span><\/a><\/div>\n","protected":false},"excerpt":{"rendered":"","protected":false},"author":4,"featured_media":0,"parent":0,"menu_order":0,"comment_status":"closed","ping_status":"closed","template":"","meta":[],"_links":{"self":[{"href":"https:\/\/www.rohrblitz24-mv.de\/index.php\/wp-json\/wp\/v2\/pages\/7"}],"collection":[{"href":"https:\/\/www.rohrblitz24-mv.de\/index.php\/wp-json\/wp\/v2\/pages"}],"about":[{"href":"https:\/\/www.rohrblitz24-mv.de\/index.php\/wp-json\/wp\/v2\/types\/page"}],"author":[{"embeddable":true,"href":"https:\/\/www.rohrblitz24-mv.de\/index.php\/wp-json\/wp\/v2\/users\/4"}],"replies":[{"embeddable":true,"href":"https:\/\/www.rohrblitz24-mv.de\/index.php\/wp-json\/wp\/v2\/comments?post=7"}],"version-history":[{"count":66,"href":"https:\/\/www.rohrblitz24-mv.de\/index.php\/wp-json\/wp\/v2\/pages\/7\/revisions"}],"predecessor-version":[{"id":359,"href":"https:\/\/www.rohrblitz24-mv.de\/index.php\/wp-json\/wp\/v2\/pages\/7\/revisions\/359"}],"wp:attachment":[{"href":"https:\/\/www.rohrblitz24-mv.de\/index.php\/wp-json\/wp\/v2\/media?parent=7"}],"curies":[{"name":"wp","href":"https:\/\/api.w.org\/{rel}","templated":true}]}}