{"id":70,"date":"2013-05-23T11:53:42","date_gmt":"2013-05-23T09:53:42","guid":{"rendered":"http:\/\/new.rohrblitz24-mv.de\/?page_id=70"},"modified":"2020-07-09T11:34:34","modified_gmt":"2020-07-09T09:34:34","slug":"service-gastronomie","status":"publish","type":"page","link":"https:\/\/www.rohrblitz24-mv.de\/index.php\/service-gastronomie\/","title":{"rendered":"Service Gastronomie"},"content":{"rendered":"<h1>Service f\u00fcr Gastronomie<\/h1>\n<p>Welcher Gastwirt war nicht schon mal mit dem Problem verstopfter Abflussrohre konfrontiert?<\/p>\n<p>Peinlich wird es immer dann, wenn sich G\u00e4ste \u00fcber unangenehme Ger\u00fcche oder \u00fcberlaufende WC-Becken beschweren. Solche negativen Eindr\u00fccke bleiben lange Zeit im Ged\u00e4chtnis haften und sorgen nicht selten f\u00fcr schlechte Beurteilungen im Freundes- und Bekanntenkreis. Trotzdem ist es gerade f\u00fcr Gewerbebetriebe schwierig sich davor zu sch\u00fctzen denn Fettablagerungen im K\u00fcchenbereich lassen sich nicht vermeiden und sanit\u00e4re Anlagen werden von einer Vielzahl von Menschen benutzt. Das strapaziert die Rohre.<\/p>\n<p>Doch muss es \u00fcberhaupt so weit kommen? Selbstverst\u00e4ndlich nicht. Eine gezielte Vorsorge erspart viel \u00c4rger, peinliche Augenblicke und nat\u00fcrlich auch unn\u00f6tige Kosten. Wir betreuen Sie professionell, flexibel und mit fairen und transparenten Preisen.<\/p>\n<p>Wenn wir ein chronisches Problem entdecken, nutzen wir es nicht aus um in regelm\u00e4\u00dfigen Abst\u00e4nden wieder zu kommen, sondern zeigen Ihnen M\u00f6glichkeiten das Problem nachhaltig zu l\u00f6sen. Wir stellen im Landkreis Bad Doberan und Rostock einen Notfalldienst, der jederzeit und \u00fcberall eingreifen kann, wo es n\u00f6tig ist. Selbstverst\u00e4ndlich bietet RohrBlitz24 auch alle sonstigen Dienstleistungen rund um die Entw\u00e4sserungsanlage an.<\/p>\n<p>Unsere Leistung:<br \/>\n<strong><span style=\"color: #003399;\">\u00bb<\/span><\/strong> Verstopfungsbeseitigung<br \/>\n<strong><span style=\"color: #003399;\">\u00bb<\/span><\/strong> Rohrreinigung<br \/>\n<strong><span style=\"color: #003399;\">\u00bb<\/span><\/strong> Rohrverlaufsortung<br \/>\n<strong><span style=\"color: #003399;\">\u00bb<\/span><\/strong> Hochdrucksp\u00fclungen<br \/>\n<strong><span style=\"color: #003399;\">\u00bb<\/span><\/strong> TV Kamerauntersuchungen<br \/>\n<strong><span style=\"color: #003399;\">\u00bb<\/span><\/strong> HD-Fl\u00e4chenreinigung<br \/>\n<strong><span style=\"color: #003399;\">\u00bb<\/span><\/strong> Reinigungs-Wartungsvertr\u00e4ge<br \/>\n<strong><span style=\"color: #003399;\">\u00bb<\/span><\/strong> Dichtheitspr\u00fcfung nach Din 1968-3<\/p>\n<p>Tipp: Sichere Warnsignale f\u00fcr eine drohende Verstopfung sind \u00fcbler Geruch, langsames Ablaufen oder Glucksen. Dann sollten Sie sofort den RohrBlitz24-Service anrufen, der f\u00fcr rasche Abhilfe sorgt und Sie vor gr\u00f6\u00dferen Sch\u00e4den bewahrt. Nach wie vor aber gilt: Vorbeugen ist besser, als \u201eausbaden\u201c!<\/p>\n<p>F\u00fcr weitere Fragen stehen wir Ihnen gerne zur Verf\u00fcgung. Kontakt: 0800.300 310 7<\/p>\n","protected":false},"excerpt":{"rendered":"<p>Service f\u00fcr Gastronomie Welcher Gastwirt war nicht schon mal mit dem Problem verstopfter Abflussrohre konfrontiert? Peinlich wird es immer dann, wenn sich G\u00e4ste \u00fcber unangenehme Ger\u00fcche oder \u00fcberlaufende WC-Becken beschweren. Solche negativen Eindr\u00fccke bleiben lange Zeit im Ged\u00e4chtnis haften und sorgen nicht selten f\u00fcr schlechte Beurteilungen im Freundes- und Bekanntenkreis. Trotzdem ist es gerade f\u00fcr [&hellip;]<\/p>\n","protected":false},"author":4,"featured_media":0,"parent":0,"menu_order":0,"comment_status":"closed","ping_status":"closed","template":"","meta":[],"_links":{"self":[{"href":"https:\/\/www.rohrblitz24-mv.de\/index.php\/wp-json\/wp\/v2\/pages\/70"}],"collection":[{"href":"https:\/\/www.rohrblitz24-mv.de\/index.php\/wp-json\/wp\/v2\/pages"}],"about":[{"href":"https:\/\/www.rohrblitz24-mv.de\/index.php\/wp-json\/wp\/v2\/types\/page"}],"author":[{"embeddable":true,"href":"https:\/\/www.rohrblitz24-mv.de\/index.php\/wp-json\/wp\/v2\/users\/4"}],"replies":[{"embeddable":true,"href":"https:\/\/www.rohrblitz24-mv.de\/index.php\/wp-json\/wp\/v2\/comments?post=70"}],"version-history":[{"count":2,"href":"https:\/\/www.rohrblitz24-mv.de\/index.php\/wp-json\/wp\/v2\/pages\/70\/revisions"}],"predecessor-version":[{"id":357,"href":"https:\/\/www.rohrblitz24-mv.de\/index.php\/wp-json\/wp\/v2\/pages\/70\/revisions\/357"}],"wp:attachment":[{"href":"https:\/\/www.rohrblitz24-mv.de\/index.php\/wp-json\/wp\/v2\/media?parent=70"}],"curies":[{"name":"wp","href":"https:\/\/api.w.org\/{rel}","templated":true}]}}