{"id":76,"date":"2013-05-23T11:55:47","date_gmt":"2013-05-23T09:55:47","guid":{"rendered":"http:\/\/new.rohrblitz24-mv.de\/?page_id=76"},"modified":"2018-01-29T11:19:35","modified_gmt":"2018-01-29T09:19:35","slug":"tipps-und-tricks-rohrblitz24","status":"publish","type":"page","link":"https:\/\/www.rohrblitz24-mv.de\/index.php\/tipps-und-tricks-rohrblitz24\/","title":{"rendered":"Tipps und Tricks rohrblitz24"},"content":{"rendered":"<h1>Tipps &amp; Tricks, so beugen Sie einer Rohrverstopfung vor<\/h1>\n<p>Denn Sie wissen ja: Vorbeugen ist besser als &#8230;<\/p>\n<p><strong>Benutzen Sie keine chemischen Rohrreiniger <\/strong><br \/>\nDiese helfen nur selten und schaden der Umwelt, Ihrer Installation und vor allem Ihrem<br \/>\nGeldbeutel.<\/p>\n<p><strong>Weisen Sie Ihre Familie darauf hin:<\/strong><br \/>\nTampons, Binden etc. geh\u00f6ren nicht in die Toilette&#8230; diese sind eine der Hauptverstopfungs- ursachen<\/p>\n<p><strong>Wasser sparen ist ok: <\/strong><br \/>\nAber um etwas aus der Toilette wegzusp\u00fclen braucht man nun mal<br \/>\nWasser, stellen Sie daher die Wassermenge der Toilettensp\u00fclung nicht zu knapp ein,<br \/>\nsonst l\u00e4uft nur das Wasser weg und der &#8222;Rest&#8220; bleibt in der Leitung liegen.<\/p>\n<p><strong>Auch Essensreste geh\u00f6ren nicht in die Toilette: <\/strong><br \/>\nDie einzigen die Ihnen daf\u00fcr danken, sind die Ratten.<\/p>\n<p><strong>Noch ein wichtiger Hinweis:<\/strong><\/p>\n<p>Die regelm\u00e4\u00dfige und professionell durchgef\u00fchrte Wartung verhindert nicht nur solche Verstopfungen, die durch jahrelange Nutzung und die damit verbundenen zunehmenden Ablagerungen entstehen.<\/p>\n<p>Rohrverstopfungen, z.B. aufgrund von Wurzeleinw\u00fcchsen und Rohrabsackungen, lassen sich genauso wie die starken Querschnittsverengungen bei stark fettf\u00fchrenden Leitungen vorhersehen und durch eine regelm\u00e4\u00dfige Wartung vermeiden.<\/p>\n<p><strong><span style=\"color: #e67817;\">Tipp<\/span><\/strong>: Sichere Warnsignale f\u00fcr eine drohende Verstopfung sind \u00fcbler Geruch, langsames Ablaufen oder Glucksen. Dann sollten Sie sofort den RorBlitz24-Service anrufen, der f\u00fcr rasche Abhilfe sorgt und Sie vor gr\u00f6\u00dferen Sch\u00e4den bewahrt. Nach wie vor aber gilt: Vorbeugen ist besser als ausbaden!<\/p>\n","protected":false},"excerpt":{"rendered":"<p>Tipps &amp; Tricks, so beugen Sie einer Rohrverstopfung vor Denn Sie wissen ja: Vorbeugen ist besser als &#8230; Benutzen Sie keine chemischen Rohrreiniger Diese helfen nur selten und schaden der Umwelt, Ihrer Installation und vor allem Ihrem Geldbeutel. Weisen Sie Ihre Familie darauf hin: Tampons, Binden etc. geh\u00f6ren nicht in die Toilette&#8230; diese sind eine [&hellip;]<\/p>\n","protected":false},"author":4,"featured_media":0,"parent":0,"menu_order":0,"comment_status":"closed","ping_status":"closed","template":"","meta":[],"_links":{"self":[{"href":"https:\/\/www.rohrblitz24-mv.de\/index.php\/wp-json\/wp\/v2\/pages\/76"}],"collection":[{"href":"https:\/\/www.rohrblitz24-mv.de\/index.php\/wp-json\/wp\/v2\/pages"}],"about":[{"href":"https:\/\/www.rohrblitz24-mv.de\/index.php\/wp-json\/wp\/v2\/types\/page"}],"author":[{"embeddable":true,"href":"https:\/\/www.rohrblitz24-mv.de\/index.php\/wp-json\/wp\/v2\/users\/4"}],"replies":[{"embeddable":true,"href":"https:\/\/www.rohrblitz24-mv.de\/index.php\/wp-json\/wp\/v2\/comments?post=76"}],"version-history":[{"count":4,"href":"https:\/\/www.rohrblitz24-mv.de\/index.php\/wp-json\/wp\/v2\/pages\/76\/revisions"}],"predecessor-version":[{"id":302,"href":"https:\/\/www.rohrblitz24-mv.de\/index.php\/wp-json\/wp\/v2\/pages\/76\/revisions\/302"}],"wp:attachment":[{"href":"https:\/\/www.rohrblitz24-mv.de\/index.php\/wp-json\/wp\/v2\/media?parent=76"}],"curies":[{"name":"wp","href":"https:\/\/api.w.org\/{rel}","templated":true}]}}