{"id":83,"date":"2013-05-23T11:58:40","date_gmt":"2013-05-23T09:58:40","guid":{"rendered":"http:\/\/new.rohrblitz24-mv.de\/?page_id=83"},"modified":"2020-07-09T11:33:49","modified_gmt":"2020-07-09T09:33:49","slug":"service-fuer-architekten-und-bauunternehmen","status":"publish","type":"page","link":"https:\/\/www.rohrblitz24-mv.de\/index.php\/service-fuer-architekten-und-bauunternehmen\/","title":{"rendered":"Service f\u00fcr Architekten und Bauunternehmen"},"content":{"rendered":"<h1>Service f\u00fcr Architekten und Bauunternehmen<\/h1>\n<p>Als regional t\u00e4tiges Fachunternehmen im Bereich der Rohrreinigung m\u00f6chten wir Ihnen in diesen Spezialbereich \u2014 aber auch bei vielen anderen Fragen zum Entw\u00e4sserungssystem \u2014 unsere Dienste anbieten. Wir nehmen f\u00fcr uns ein hohes Ma\u00df an Erfahrung, Flexibilit\u00e4t und Schnelligkeit in Anspruch. Unsere Leistungen umfassen u.a.:<\/p>\n<p><strong><span style=\"color: #003399;\">\u00bb<\/span><\/strong> gesetzliche Dichtheitspr\u00fcfung bei Altbau-Sanierung und Bau-Abnahme,<br \/>\n<strong><span style=\"color: #003399;\">\u00bb<\/span><\/strong> TV-Inspektion zur IST-Zustandsanalyse des Entw\u00e4sserungssystems,<br \/>\n<strong><span style=\"color: #003399;\">\u00bb<\/span><\/strong> Rohrortung mit Planerstellung f\u00fcr bestehende Altleitungen<br \/>\n(z.B. in sanierungsbed\u00fcrftigen Bauten), auch in 3D<br \/>\n<strong><span style=\"color: #003399;\">\u00bb<\/span><\/strong> Reinigung aller Grundleitungen und Anschlusskan\u00e4le inkl. Hindernisbeseitigung vor Bau-Abnahme.<br \/>\n<strong><span style=\"color: #003399;\">\u00bb<\/span><\/strong> Verlaufs-, Punkt- und Tiefenortung an allen Abfluss-Rohren und Kan\u00e4len,<\/p>\n<p>Die Pflicht zu einer Dichtheitspr\u00fcfung an neu verlegten Abwasserleitungen im Rahmen der Bau-Abnahme ist in DIN EN 1610 sowie DIN 1986\/1 geregelt. Aber auch f\u00fcr alte Leitungen besteht gem\u00e4\u00df DIN 1986 diese Pflicht. Allerdings wurde die Erf\u00fcllung dieser Pflicht und deren \u00dcberpr\u00fcfung oft vernachl\u00e4ssigt.<\/p>\n<p>Darauf hat der Gesetzgeber mit einer Gesetzesversch\u00e4rfung reagiert: Dichtheitspr\u00fcfungen sind nunmehr nachweislich durch einen Fachbetrieb gem\u00e4\u00df DIN 1986\/30 i.V.m. \u00a7 61 Wasserhaushaltsgesetz sp\u00e4testens bis zum 31.12.2015 auszuf\u00fchren. Seitdem ist auch das mediale Interesse stark gestiegen. Nicht zuletzt, weil diverse Studien belegen, dass Grundleitungen im Privatbereich zu ca. 70% undicht sind und so eine Gefahr f\u00fcr die Umwelt darstellen.<\/p>\n<p>Daher beachten Sie bitte: Bei Altbau-Sanierungen und Bau-Abnahmen ist eine fachgerechte Dichtheitspr\u00fcfung durchzuf\u00fchren und die entsprechende Dokumentation auf Anforderung unverz\u00fcglich der Umweltbeh\u00f6rde vorzulegen. Nur so sind Fachplaner bzw. Bauherren gegen Umwelt-Strafverfahren gesch\u00fctzt.<\/p>\n","protected":false},"excerpt":{"rendered":"<p>Service f\u00fcr Architekten und Bauunternehmen Als regional t\u00e4tiges Fachunternehmen im Bereich der Rohrreinigung m\u00f6chten wir Ihnen in diesen Spezialbereich \u2014 aber auch bei vielen anderen Fragen zum Entw\u00e4sserungssystem \u2014 unsere Dienste anbieten. Wir nehmen f\u00fcr uns ein hohes Ma\u00df an Erfahrung, Flexibilit\u00e4t und Schnelligkeit in Anspruch. Unsere Leistungen umfassen u.a.: \u00bb gesetzliche Dichtheitspr\u00fcfung bei Altbau-Sanierung [&hellip;]<\/p>\n","protected":false},"author":4,"featured_media":0,"parent":0,"menu_order":0,"comment_status":"closed","ping_status":"closed","template":"","meta":[],"_links":{"self":[{"href":"https:\/\/www.rohrblitz24-mv.de\/index.php\/wp-json\/wp\/v2\/pages\/83"}],"collection":[{"href":"https:\/\/www.rohrblitz24-mv.de\/index.php\/wp-json\/wp\/v2\/pages"}],"about":[{"href":"https:\/\/www.rohrblitz24-mv.de\/index.php\/wp-json\/wp\/v2\/types\/page"}],"author":[{"embeddable":true,"href":"https:\/\/www.rohrblitz24-mv.de\/index.php\/wp-json\/wp\/v2\/users\/4"}],"replies":[{"embeddable":true,"href":"https:\/\/www.rohrblitz24-mv.de\/index.php\/wp-json\/wp\/v2\/comments?post=83"}],"version-history":[{"count":2,"href":"https:\/\/www.rohrblitz24-mv.de\/index.php\/wp-json\/wp\/v2\/pages\/83\/revisions"}],"predecessor-version":[{"id":356,"href":"https:\/\/www.rohrblitz24-mv.de\/index.php\/wp-json\/wp\/v2\/pages\/83\/revisions\/356"}],"wp:attachment":[{"href":"https:\/\/www.rohrblitz24-mv.de\/index.php\/wp-json\/wp\/v2\/media?parent=83"}],"curies":[{"name":"wp","href":"https:\/\/api.w.org\/{rel}","templated":true}]}}