{"id":87,"date":"2013-05-23T12:00:33","date_gmt":"2013-05-23T10:00:33","guid":{"rendered":"http:\/\/new.rohrblitz24-mv.de\/?page_id=87"},"modified":"2020-07-09T11:30:07","modified_gmt":"2020-07-09T09:30:07","slug":"rohrblitz24-in-rostock-leistungen","status":"publish","type":"page","link":"https:\/\/www.rohrblitz24-mv.de\/index.php\/rohrblitz24-in-rostock-leistungen\/","title":{"rendered":"Rohrblitz24 in Rostock Leistungen"},"content":{"rendered":"<section class=\"av_textblock_section \"  itemscope=\"itemscope\" itemtype=\"https:\/\/schema.org\/CreativeWork\" ><div class='avia_textblock  '   itemprop=\"text\" ><h1 style=\"text-align: right;\"><\/h1>\n<h1>Rohrblitz24 &#8211; Unsere Leistungen<\/h1>\n<p><strong><span style=\"color: #000000;\">Rohr<\/span><span style=\"color: #e67817;\">Blitz24<\/span><\/strong> arbeitet mit elektromechanisch angetriebenen Spiralen oder mittels Wasserhochdruck, die Rohre werden entsprechend den Anforderungen schonend und umweltfreundlich gereinigt. Durch die Einf\u00fchrung einer dem Rohrdurchmesser angepassten Spirale und entsprechenden Bohrkopf (oder anderen Fr\u00e4swerkzeug) wird die Verstopfung beseitigt und Ablagerungen bzw. Abflusshindernisse entfernt.<\/p>\n<\/div><\/section>\n<div  class='avia-image-container avia_animated_image avia_animate_when_almost_visible pop-up av-styling-    avia-builder-el-1  el_after_av_textblock  el_before_av_textblock  avia-align-left '  itemprop=\"image\" itemscope=\"itemscope\" itemtype=\"https:\/\/schema.org\/ImageObject\"  ><div class='avia-image-container-inner'><div class='avia-image-overlay-wrap'><img class='avia_image' src='https:\/\/www.rohrblitz24-mv.de\/wp-content\/uploads\/rohrblitz24-leistungen.jpg' alt='' title='rohrblitz24-leistungen' height=\"341\" width=\"900\"  itemprop=\"thumbnailUrl\"  \/><\/div><\/div><\/div>\n<section class=\"av_textblock_section \"  itemscope=\"itemscope\" itemtype=\"https:\/\/schema.org\/CreativeWork\" ><div class='avia_textblock  '   itemprop=\"text\" ><h1 style=\"text-align: right;\"><\/h1>\n<h2>Verstopfungsbeseitigungen<\/h2>\n<p>wie z.B. in Bad, WC, K\u00fcche, Waschk\u00fcchen, Urinale, Hofabl\u00e4ufe und Drainagen.<\/p>\n<h2>Rohrreinigungen<\/h2>\n<p>Beseitigung von Inkrustierungen, Wurzeleinwuchs, Urinstein, Fett, Sand und Schlamm.<\/p>\n<h2>Rohrinspektionen \/ Rohr-TV<\/h2>\n<p>kommt vor allem bei der Schadensfeststellung zum Einsatz.<br \/>\nBei Schadensf\u00e4llen ist die Schadstelle mittels einer beweglichen, speziell entwickelten<br \/>\nTV-Kamera rasch und ohne lange Vorbereitungen lokalisiert&#8230; <a title=\"Rohrinspektionen \/ Rohr-TV\" href=\"http:\/\/www.rohrblitz24-mv.de\/index.php\/rohrinspektionen-rohr-tv\/\">mehr erfahren<\/a><\/p>\n<h2>Rohrortung<\/h2>\n<p>Um den Rohrverlauf (z. B. beim Ersatz alter Rohre, falls die Pl\u00e4ne nicht vorhanden sind, also ohne vorab aufw\u00e4ndiges und teueres Suchen und Freilegen der Rohre) zu Orten.<\/p>\n<h2>Dichtheitspr\u00fcfung<\/h2>\n<p>Die Dichtheitspr\u00fcfung besteht im Wesentlichen aus der Rohr und Kanalreinigung sowie der optischen Kanalinspektion mittels Kanalinspektionskamera, wie auch gesetzlich vorgeschrieben.<br \/>\nSp\u00e4testens ab 2016 m\u00fcssen alle Grundst\u00fccks- und Immobilienbesitzer auf Anfrage umgehend nachweisen k\u00f6nnen, dass ihre Abwasserleitungen dicht sind&#8230; <span style=\"color: #3366ff;\"><a title=\"Dichtheitspr\u00fcfung\" href=\"http:\/\/www.rohrblitz24-mv.de\/index.php\/dichtheitsprufung\/\"><span style=\"color: #3366ff;\">mehr erfahren<\/span><\/a><\/span><\/p>\n<h2>Erstellen von Lagepl\u00e4nen f\u00fcr das Entw\u00e4sserungssystem<\/h2>\n<\/div><\/section>\n","protected":false},"excerpt":{"rendered":"","protected":false},"author":4,"featured_media":0,"parent":0,"menu_order":0,"comment_status":"closed","ping_status":"closed","template":"","meta":[],"_links":{"self":[{"href":"https:\/\/www.rohrblitz24-mv.de\/index.php\/wp-json\/wp\/v2\/pages\/87"}],"collection":[{"href":"https:\/\/www.rohrblitz24-mv.de\/index.php\/wp-json\/wp\/v2\/pages"}],"about":[{"href":"https:\/\/www.rohrblitz24-mv.de\/index.php\/wp-json\/wp\/v2\/types\/page"}],"author":[{"embeddable":true,"href":"https:\/\/www.rohrblitz24-mv.de\/index.php\/wp-json\/wp\/v2\/users\/4"}],"replies":[{"embeddable":true,"href":"https:\/\/www.rohrblitz24-mv.de\/index.php\/wp-json\/wp\/v2\/comments?post=87"}],"version-history":[{"count":23,"href":"https:\/\/www.rohrblitz24-mv.de\/index.php\/wp-json\/wp\/v2\/pages\/87\/revisions"}],"predecessor-version":[{"id":354,"href":"https:\/\/www.rohrblitz24-mv.de\/index.php\/wp-json\/wp\/v2\/pages\/87\/revisions\/354"}],"wp:attachment":[{"href":"https:\/\/www.rohrblitz24-mv.de\/index.php\/wp-json\/wp\/v2\/media?parent=87"}],"curies":[{"name":"wp","href":"https:\/\/api.w.org\/{rel}","templated":true}]}}